{"id":1044,"date":"2019-08-22T07:51:53","date_gmt":"2019-08-22T07:51:53","guid":{"rendered":"https:\/\/sprachmanufaktur.ch\/home\/"},"modified":"2025-12-01T08:09:37","modified_gmt":"2025-12-01T08:09:37","slug":"home","status":"publish","type":"page","link":"https:\/\/sprachmanufaktur.ch\/it\/","title":{"rendered":"Pagina iniziale"},"content":{"rendered":"\n\n\t\t\t<img decoding=\"async\" loading=\"false\" src=\"https:\/\/sprachmanufaktur.ch\/wp-content\/uploads\/2019\/07\/argus-sprachmanufaktur-bild1.jpg\" alt=\"La precisione \u00e8 tutto per voi.\" \/>\t\t\t\n\t\t\t\t<h3>La precisione \u00e8 tutto per voi.<\/h3><h2><mark>Anche nelle vostre traduzioni?<\/mark><\/h2>\n<a href=\"#sprachmanufaktur\" target=\"_self\"><img decoding=\"async\" src=\"\/wp-content\/uploads\/2019\/07\/argus-icon-down-orange.png\" width=\"30\" \/><\/a>\t\t\t\n\t\t\t<img decoding=\"async\" loading=\"false\" src=\"https:\/\/sprachmanufaktur.ch\/wp-content\/uploads\/2019\/07\/argus-sprachmanufaktur-bild2.jpg\" alt=\"Il vostro abito \u00e8 confezionato su misura.\" \/>\t\t\t\n\t\t\t\t<h3>Il vostro abito \u00e8 confezionato su misura.<\/h3><h2><mark>Lo \u00e8 anche il vostro rapporto di gestione?<\/mark><\/h2>\n<a href=\"#sprachmanufaktur\" target=\"_self\"><img decoding=\"async\" src=\"\/wp-content\/uploads\/2019\/07\/argus-icon-down-orange.png\" width=\"30\" \/><\/a>\t\t\t\n\t\t\t<img decoding=\"async\" loading=\"false\" src=\"https:\/\/sprachmanufaktur.ch\/wp-content\/uploads\/2019\/07\/argus-sprachmanufaktur-bild3.jpg\" alt=\"Per voi le sfumature sono importanti.\" \/>\t\t\t\n\t\t\t\t<h3>Per voi le sfumature sono importanti.<\/h3><h2><mark>E nei vostri testi?<\/mark><\/h2>\n<a href=\"#sprachmanufaktur\" target=\"_self\"><img decoding=\"async\" src=\"\/wp-content\/uploads\/2019\/07\/argus-icon-down-orange.png\" width=\"30\" \/><\/a>\t\t\t\n\t\t\t<img decoding=\"async\" loading=\"false\" src=\"https:\/\/sprachmanufaktur.ch\/wp-content\/uploads\/2019\/07\/argus-sprachmanufaktur-bild4.jpg\" alt=\"Udite anche i toni pi\u00f9 impercettibili.\" \/>\t\t\t\n\t\t\t\t<h3>Udite anche i toni pi\u00f9 impercettibili.<\/h3><h2><mark>Li riconoscete anche leggendo?<\/mark><\/h2>\n<a href=\"#sprachmanufaktur\" target=\"_self\"><img decoding=\"async\" src=\"\/wp-content\/uploads\/2019\/07\/argus-icon-down-orange.png\" width=\"30\" \/><\/a>\t\t\t\n\t\t\t<img decoding=\"async\" loading=\"false\" src=\"https:\/\/sprachmanufaktur.ch\/wp-content\/uploads\/2019\/07\/argus-sprachmanufaktur-bild5.jpg\" alt=\"La vostra forza si fonda su solide competenze.\" \/>\t\t\t\n\t\t\t\t<h3>La vostra forza si fonda su solide competenze.<\/h3><h2><mark>Vale anche per le competenze grammaticali?<\/mark><\/h2>\n<a href=\"#sprachmanufaktur\" target=\"_self\"><img decoding=\"async\" src=\"\/wp-content\/uploads\/2019\/07\/argus-icon-down-orange.png\" width=\"30\" \/><\/a>\t\t\t\n<h5>\n\t\t\tSprachmanufaktur\t<\/h5>\n\t\t\t\t<img decoding=\"async\" src=\"https:\/\/sprachmanufaktur.ch\/wp-content\/uploads\/2019\/07\/argus-icon-web-150x150.png\" alt=\"Trenner Design Element\" itemprop=\"image\" height=\"150\" width=\"150\" title=\"argus-icon-web\" onerror=\"this.style.display='none'\" loading=\"lazy\" \/>\n<h1>\n\t\t\tSiamo una manifattura linguistica e trasmettiamo anche ci\u00f2<br \/>che si nasconde tra le righe,<br \/>in modo che il lettore percepisca il senso cos\u00ec<br \/>come concepito nell&#8217;originale. \t<\/h1>\n<h2>\n\t\t\tNon traduciamo solo le parole, bens\u00ec il messaggio. \t<\/h2>\n\t\t<!-- Comment to fix spacing issue\n\t-->\n\t\t<h4>0<\/h4>\n\t<!-- Comment to fix spacing issue\n\t-->\t\n\tDA OLTRE 15 ANNI<br \/>\nOPERIAMO SU SCALA<br \/>\nINTERNAZIONALE.\n\t\t<!-- Comment to fix spacing issue\n\t-->\n\t\t<h4>0<\/h4>\n\t<!-- Comment to fix spacing issue\n\t-->\t\n\tLA NOSTRA RETE DI PROFESSIONISTI<br \/>\nCONTA OLTRE 200 FREELANCE<br \/>\nCERTIFICATI, DISTRIBUITI IN<br \/>\nTUTTO IL MONDO.\n\t\t<!-- Comment to fix spacing issue\n\t-->\n\t\t<h4>0<\/h4>\n\t<!-- Comment to fix spacing issue\n\t-->\t\n\tL&#8217;INDICE DI FEDELT\u00c0<br \/>\nDEI NOSTRI CLIENTI<br \/>\n\u00c8 DEL 95 %.\n\tSiamo una manifattura linguistica particolarmente esigente e attenta all&#8217;eccellente qualit\u00e0 delle traduzioni.<br \/>\nFacciamo parte di ARGUS DATA INSIGHTS Schweiz, leader svizzero nella fornitura di soluzioni di Media Intelligence nella regione DACH (Germania, Austria e Svizzera).\n\t\t\t\t<a href=\"#Cosa\"  target=\"_self\" itemprop=\"url\">\n\t\t\t\t<img decoding=\"async\" src=\"https:\/\/sprachmanufaktur.ch\/wp-content\/uploads\/2019\/07\/argus-icon-down-weiss.png\" alt=\"scroll down icon weiss\" itemprop=\"image\" height=\"100\" width=\"100\" title=\"argus-icon-down-weiss\" onerror=\"this.style.display='none'\" loading=\"lazy\" \/>\n\t\t\t\t<\/a>\n<h5>\n\t\t\tServizi\t<\/h5>\n<h2>\n\t\t\tTraduzioni nate dall&#8217;impegno artigianale.\t<\/h2>\n\t<p>Anche i testi hanno un&#8217;anima. Con le traduzioni standardizzate, purtroppo, essa spesso si perde. Ci chiamiamo Sprachmanufaktur, ossia manifattura linguistica, perch\u00e9 cogliamo l&#8217;essenza dei testi e con laboriosa accuratezza e competenza professionale la trasponiamo. Non importa in quali lingue essi vengano tradotti. Naturalmente, ci avvaliamo degli strumenti tecnologici pi\u00f9 avanzati a nostra disposizione. Il prodotto finale, tuttavia, \u00e8 un lavoro manuale o meglio di testa.<\/p>\n<h2>\n\t\t\tUna bottega delle lingue<br \/>con maestri poliedrici.\t<\/h2>\n\t<p>Affidatevi a un team internazionale di esperti linguistici diplomati, pronti a consigliarvi e ad assistervi personalmente. Si occupa del coordinamento degli incarichi con una rete di oltre 200 collaboratori freelance che traducono esclusivamente nella loro madrelingua. Supervisiona i risultati, tenendo conto delle vostre esigenze e di quelle del testo.<\/p>\n<strong><a href=\"https:\/\/sprachmanufaktur.ch\/it\/servizi\/#fachuebersetzung\">Traduzione tecnica<\/a><\/strong><br \/>\nTraduzione di testi tecnici nella lingua di arrivo desiderata con revisione (secondo il principio del doppio controllo).\n<strong><a href=\"https:\/\/sprachmanufaktur.ch\/it\/servizi\/#transkreation\">Transcreazione<\/a><\/strong><br \/>\nTraduzione di materiale pubblicitario con adattamento del messaggio al contesto culturale del mercato di destinazione.\n<strong><a href=\"https:\/\/sprachmanufaktur.ch\/it\/servizi\/#lektorat\">Revisione<\/a><\/strong><br \/>\nCorrezione e rielaborazione stilistica dei testi nelle lingue di partenza e di arrivo.\n<strong><a href=\"https:\/\/sprachmanufaktur.ch\/it\/servizi\/#gut-zum-druck\">Visto si stampi<\/a><\/strong><br \/>\nControllo finale dei testi impaginati prima dell&#8217;approvazione per la stampa.\n<strong><a href=\"https:\/\/sprachmanufaktur.ch\/it\/servizi\/#untertitelung\">Sottotitolazione<\/a><\/strong><br \/>\nCreazione di sottotitoli con i codici temporali e traduzione nella lingua di arrivo desiderata.\n<strong><a href=\"https:\/\/sprachmanufaktur.ch\/it\/servizi\/#voiceover\">Voce fuori campo per video<\/a><\/strong><br \/>\nTraduzione e registrazione sonora con una voce narrante nella lingua di arrivo desiderata.\n<strong><a href=\"https:\/\/sprachmanufaktur.ch\/it\/servizi\/#post-editing\">Post-editing<\/a><\/strong><br \/>\nElaborazione di testi tradotti automaticamente.<br \/>\nLight post-editing &#8211; correzione di ortografia, grammatica e errori di senso.<br \/>\nFull post-editing &#8211; rielaborazione completa incl. terminologia, formattazione e stile.\n<strong><a href=\"https:\/\/sprachmanufaktur.ch\/it\/servizi\/#management-summary\">Management Summary<\/a><\/strong><br \/>\nRiassunto scritto di testi o di pubblicazioni nella lingua desiderata.\n<strong><a href=\"https:\/\/sprachmanufaktur.ch\/it\/servizi\/#terminologie-corporate-wording\">Servizi di terminologia<\/a><\/strong><br \/>\nDefinizione della terminologia aziendale specifica e dei principi linguistici.\n<strong><a href=\"https:\/\/sprachmanufaktur.ch\/it\/servizi\/#transkription\">Trascrizione<\/a><\/strong><br \/>\nRiproduzione scritta o riassunto di file audio\/video.\n<strong><a href=\"https:\/\/sprachmanufaktur.ch\/it\/servizi\/#sprachdatenmanagement\">Consulenza per processi multilingue, gestione dei dati linguistici<\/a><\/strong><br \/>\nConsulenza e assistenza nella creazione di un flusso di lavoro professionale per i servizi linguistici.\n<strong><a href=\"https:\/\/sprachmanufaktur.ch\/it\/servizi\/#copywriting\">Copywriting<\/a><\/strong><br \/>\nRedigere testi pubblicitari o di marketing direttamente nella lingua desiderata.\n<h2>\n\t\t\tDal briefing<br \/>al prodotto finito.\t<\/h2>\n\t<p>La Sprachmanufaktur si occupa dell&#8217;intero progetto. Dalla pianificazione delle risorse al coordinamento, fino alla garanzia di qualit\u00e0.<\/p>\n<h2>\n\t\t\tL&#8217;attenzione alla sicurezza<br \/>e alla riservatezza dei dati<br \/>\u00e8 una priorit\u00e0.\t<\/h2>\n\t<p>\u00c8 superfluo dire che operiamo nel rispetto della legge sulla protezione dei dati, garantendo la massima riservatezza. Per chi lo desidera, la trasmissione dei dati viene effettuata in modo cifrato o tramite server sicuri.<\/p>\n<h2>\n\t\t\tQualit\u00e0 certificata.\t<\/h2>\n\tARGUS Sprachmanufaktur \u00e8 orgogliosa di essere certificata secondo i requisiti di qualit\u00e0 dello Standard ISO 17100. Questa norma internazionale stabilisce requisiti elevati, applicabili alla gestione del processo di traduzione, l&#8217;osservanza delle specifiche linguistiche, le competenze delle risorse umane coinvolte e la sicurezza delle informazioni.<br \/>\nPotete trovare il nostro certificato <a href=\"https:\/\/sprachmanufaktur.ch\/wp-content\/uploads\/2021\/06\/zertifikat_sprach_en_460.jpg\" target=\"_blank\" rel=\"noopener\">qui.<\/a>\n\t\t\t\t<a href=\"#Come\"  target=\"_self\" itemprop=\"url\">\n\t\t\t\t<img decoding=\"async\" src=\"https:\/\/sprachmanufaktur.ch\/wp-content\/uploads\/2019\/07\/argus-icon-down-orange.png\" alt=\"scroll down icon\" itemprop=\"image\" height=\"100\" width=\"100\" title=\"argus-icon-down-orange\" onerror=\"this.style.display='none'\" loading=\"lazy\" \/>\n\t\t\t\t<\/a>\n<h5>\n\t\t\tLA NOSTRA FILOSOFIA\t<\/h5>\n<h6>\n\t\t\tNon tradurre solo le parole,<br \/>bens\u00ec il messaggio. \t<\/h6>\n\t<p>Cogliamo l&#8217;intenzione che ha ispirato il testo e capiamo le esigenze culturali e linguistiche del mercato di destinazione.<\/p>\n<h6>\n\t\t\tUsa tutta la tecnologia di cui hai bisogno.<br \/>E quanto pi\u00f9 cervello possibile.\t<\/h6>\n\t<p>Coerenza ed efficienza sono imprescindibili, ed \u00e8 per questo che ci avvaliamo delle pi\u00f9 recenti tecnologie. Solo come sostegno, per\u00f2.<\/p>\n<h6>\n\t\t\tTrova il tono giusto.<br \/>Si legge anche \u00abcon la pancia\u00bb. \t<\/h6>\n\t<p>I nostri professionisti delle lingue certificati ed esperti, in possesso di competenze settoriali, sono allenati a leggere tra le righe per cogliere il messaggio con il giusto intuito.<\/p>\n<h6>\n\t\t\tLa personalit\u00e0 \u00e8 importante.<br \/>Anche i testi ne hanno una.\t<\/h6>\n\t<p>Il vostro interlocutore personale \u00e8 sempre pronto ad ascoltarvi e cura ogni progetto come se fosse il proprio.<\/p>\n<h6>\n\t\t\tLa velocit\u00e0 pu\u00f2 essere superata<br \/>solo dalla precisione. \t<\/h6>\n\t<p>Gestione del tempo, efficienza e puntualit\u00e0, a pari passo con un&#8217;accuratezza e una precisione sempre costanti, sono principi che abbiamo nel sangue. Potete contarci.<\/p>\n\t\t\t\t<a href=\"#Team\"  target=\"_self\" itemprop=\"url\">\n\t\t\t\t<img decoding=\"async\" src=\"https:\/\/sprachmanufaktur.ch\/wp-content\/uploads\/2019\/07\/argus-icon-down-orange.png\" alt=\"scroll down icon\" itemprop=\"image\" height=\"100\" width=\"100\" title=\"argus-icon-down-orange\" onerror=\"this.style.display='none'\" loading=\"lazy\" \/>\n\t\t\t\t<\/a>\n<h5>\n\t\t\tREFERENZE\t<\/h5>\n<h3>\n\t\t\tI nostri settori cardine \t<\/h3>\n\t<ul>\n<li>Comunicazione aziendale e marketing<\/li>\n<li>Media, giornalismo, reportage<\/li>\n<li>Industria del lusso (ad es.: i segmenti dell&#8217;orologeria, della gioielleria, l&#8217;industria automobilistica)<\/li>\n<li>Farmaceutica e medicina<\/li>\n<\/ul>\n\t<ul>\n<li>Enti pubblici, strutture scolastiche e di formazione, associazioni<\/li>\n<li>Commercio di generi alimentari<\/li>\n<li>Banche e assicurazioni<\/li>\n<li>Industria e tecnica<\/li>\n<\/ul>\n<h3>\n\t\t\tI nostri clienti\t<\/h3>\n\t\t\t\t\t\t\t\t\t\t\t\t\t\t\t\t\t<a href=\"\" target=\"_blank\" rel=\"nofollow noopener\" data-caption=\"\" aria-label=\"\">\n\t\t\t\t\t\t<figure>\n\t\t\t\t\t\t\t<img decoding=\"async\" src=\"https:\/\/sprachmanufaktur.ch\/wp-content\/uploads\/2023\/12\/igkg-logo.jpg\" alt=\"\" width=\"300\" height=\"150\" \/>\n\t\t\t\t\t\t\t\t\t\t\t\t\t<\/figure>\n\t\t\t\t\t\t\t\t\t\t<\/a>\n\t\t\t\t\t\t\t\t\t\t\t\t\t\t\t\t\t<a href=\"\" target=\"_blank\" rel=\"nofollow noopener\" data-caption=\"\" aria-label=\"\">\n\t\t\t\t\t\t<figure>\n\t\t\t\t\t\t\t<img decoding=\"async\" src=\"https:\/\/sprachmanufaktur.ch\/wp-content\/uploads\/2019\/07\/swissstaffing.jpg\" alt=\"\" width=\"300\" height=\"150\" \/>\n\t\t\t\t\t\t\t\t\t\t\t\t\t<\/figure>\n\t\t\t\t\t\t\t\t\t\t<\/a>\n\t\t\t\t\t\t\t\t\t\t\t\t\t\t\t\t\t<a href=\"\" target=\"_blank\" rel=\"nofollow noopener\" data-caption=\"\" aria-label=\"\">\n\t\t\t\t\t\t<figure>\n\t\t\t\t\t\t\t<img decoding=\"async\" src=\"https:\/\/sprachmanufaktur.ch\/wp-content\/uploads\/2022\/12\/ringer.jpg\" alt=\"\" width=\"300\" height=\"150\" \/>\n\t\t\t\t\t\t\t\t\t\t\t\t\t<\/figure>\n\t\t\t\t\t\t\t\t\t\t<\/a>\n\t\t\t\t\t\t\t\t\t\t\t\t\t\t\t\t\t<a href=\"\" target=\"_blank\" rel=\"nofollow noopener\" data-caption=\"\" aria-label=\"\">\n\t\t\t\t\t\t<figure>\n\t\t\t\t\t\t\t<img decoding=\"async\" src=\"https:\/\/sprachmanufaktur.ch\/wp-content\/uploads\/2022\/12\/plusag.jpg\" alt=\"\" width=\"300\" height=\"150\" \/>\n\t\t\t\t\t\t\t\t\t\t\t\t\t<\/figure>\n\t\t\t\t\t\t\t\t\t\t<\/a>\n\t\t\t\t\t\t\t\t\t\t\t\t\t\t\t\t\t<a href=\"\" target=\"_blank\" rel=\"nofollow noopener\" data-caption=\"\" aria-label=\"\">\n\t\t\t\t\t\t<figure>\n\t\t\t\t\t\t\t<img decoding=\"async\" src=\"https:\/\/sprachmanufaktur.ch\/wp-content\/uploads\/2022\/12\/liip.jpg\" alt=\"\" width=\"300\" height=\"150\" \/>\n\t\t\t\t\t\t\t\t\t\t\t\t\t<\/figure>\n\t\t\t\t\t\t\t\t\t\t<\/a>\n\t\t\t\t\t\t\t\t\t\t\t\t\t\t\t\t\t<a href=\"\" target=\"_blank\" rel=\"nofollow noopener\" data-caption=\"\" aria-label=\"\">\n\t\t\t\t\t\t<figure>\n\t\t\t\t\t\t\t<img decoding=\"async\" src=\"https:\/\/sprachmanufaktur.ch\/wp-content\/uploads\/2022\/12\/c-matrix.jpg\" alt=\"\" width=\"300\" height=\"150\" \/>\n\t\t\t\t\t\t\t\t\t\t\t\t\t<\/figure>\n\t\t\t\t\t\t\t\t\t\t<\/a>\n\t\t\t\t\t\t\t\t\t\t\t\t\t\t\t\t\t<a href=\"\" target=\"_blank\" rel=\"nofollow noopener\" data-caption=\"\" aria-label=\"\">\n\t\t\t\t\t\t<figure>\n\t\t\t\t\t\t\t<img decoding=\"async\" src=\"https:\/\/sprachmanufaktur.ch\/wp-content\/uploads\/2022\/12\/blacksocks.jpg\" alt=\"\" width=\"300\" height=\"150\" \/>\n\t\t\t\t\t\t\t\t\t\t\t\t\t<\/figure>\n\t\t\t\t\t\t\t\t\t\t<\/a>\n\t\t\t\t\t\t\t\t\t\t\t\t\t\t\t\t\t<a href=\"\" target=\"_blank\" rel=\"nofollow noopener\" data-caption=\"\" aria-label=\"\">\n\t\t\t\t\t\t<figure>\n\t\t\t\t\t\t\t<img decoding=\"async\" src=\"https:\/\/sprachmanufaktur.ch\/wp-content\/uploads\/2022\/12\/malergipser.jpg\" alt=\"\" width=\"300\" height=\"150\" \/>\n\t\t\t\t\t\t\t\t\t\t\t\t\t<\/figure>\n\t\t\t\t\t\t\t\t\t\t<\/a>\n\t\t\t\t\t\t\t\t\t\t\t\t\t\t\t\t\t<a href=\"\" target=\"_blank\" rel=\"nofollow noopener\" data-caption=\"\" aria-label=\"\">\n\t\t\t\t\t\t<figure>\n\t\t\t\t\t\t\t<img decoding=\"async\" src=\"https:\/\/sprachmanufaktur.ch\/wp-content\/uploads\/2022\/12\/swissfibrenet.jpg\" alt=\"\" width=\"300\" height=\"150\" \/>\n\t\t\t\t\t\t\t\t\t\t\t\t\t<\/figure>\n\t\t\t\t\t\t\t\t\t\t<\/a>\n\t\t\t\t\t\t\t\t\t\t\t\t\t\t\t\t\t<a href=\"\" target=\"_blank\" rel=\"nofollow noopener\" data-caption=\"\" aria-label=\"\">\n\t\t\t\t\t\t<figure>\n\t\t\t\t\t\t\t<img decoding=\"async\" src=\"https:\/\/sprachmanufaktur.ch\/wp-content\/uploads\/2022\/12\/schweizerbrauereiverband.jpg\" alt=\"\" width=\"300\" height=\"150\" \/>\n\t\t\t\t\t\t\t\t\t\t\t\t\t<\/figure>\n\t\t\t\t\t\t\t\t\t\t<\/a>\n\t\t\t\t\t\t\t\t\t\t\t\t\t\t\t\t\t<a href=\"\" target=\"_blank\" rel=\"nofollow noopener\" data-caption=\"\" aria-label=\"\">\n\t\t\t\t\t\t<figure>\n\t\t\t\t\t\t\t<img decoding=\"async\" src=\"https:\/\/sprachmanufaktur.ch\/wp-content\/uploads\/2022\/12\/sms.jpg\" alt=\"\" width=\"300\" height=\"150\" \/>\n\t\t\t\t\t\t\t\t\t\t\t\t\t<\/figure>\n\t\t\t\t\t\t\t\t\t\t<\/a>\n\t\t\t\t\t\t\t\t\t\t\t\t\t\t\t\t\t<a href=\"\" target=\"_blank\" rel=\"nofollow noopener\" data-caption=\"\" aria-label=\"\">\n\t\t\t\t\t\t<figure>\n\t\t\t\t\t\t\t<img decoding=\"async\" src=\"https:\/\/sprachmanufaktur.ch\/wp-content\/uploads\/2022\/12\/zoobasel.jpg\" alt=\"\" width=\"300\" height=\"150\" \/>\n\t\t\t\t\t\t\t\t\t\t\t\t\t<\/figure>\n\t\t\t\t\t\t\t\t\t\t<\/a>\n\t\t\t\t\t\t\t\t\t\t\t\t\t\t\t\t\t<a href=\"\" target=\"_blank\" rel=\"nofollow noopener\" data-caption=\"\" aria-label=\"\">\n\t\t\t\t\t\t<figure>\n\t\t\t\t\t\t\t<img decoding=\"async\" src=\"https:\/\/sprachmanufaktur.ch\/wp-content\/uploads\/2022\/12\/barry.jpg\" alt=\"\" width=\"300\" height=\"150\" \/>\n\t\t\t\t\t\t\t\t\t\t\t\t\t<\/figure>\n\t\t\t\t\t\t\t\t\t\t<\/a>\n\t\t\t\t\t\t\t\t\t\t\t\t\t\t\t\t\t<a href=\"\" target=\"_blank\" rel=\"nofollow noopener\" data-caption=\"\" aria-label=\"\">\n\t\t\t\t\t\t<figure>\n\t\t\t\t\t\t\t<img decoding=\"async\" src=\"https:\/\/sprachmanufaktur.ch\/wp-content\/uploads\/2022\/12\/automobilclub.jpg\" alt=\"\" width=\"300\" height=\"150\" \/>\n\t\t\t\t\t\t\t\t\t\t\t\t\t<\/figure>\n\t\t\t\t\t\t\t\t\t\t<\/a>\n\t\t\t\t\t\t\t\t\t\t\t\t\t\t\t\t\t<a href=\"\" target=\"_blank\" rel=\"nofollow noopener\" data-caption=\"\" aria-label=\"\">\n\t\t\t\t\t\t<figure>\n\t\t\t\t\t\t\t<img decoding=\"async\" src=\"https:\/\/sprachmanufaktur.ch\/wp-content\/uploads\/2022\/12\/fors.jpg\" alt=\"\" width=\"300\" height=\"150\" \/>\n\t\t\t\t\t\t\t\t\t\t\t\t\t<\/figure>\n\t\t\t\t\t\t\t\t\t\t<\/a>\n\t\t\t\t\t\t\t\t\t\t\t\t\t\t\t\t\t<a href=\"\" target=\"_blank\" rel=\"nofollow noopener\" data-caption=\"\" aria-label=\"\">\n\t\t\t\t\t\t<figure>\n\t\t\t\t\t\t\t<img decoding=\"async\" src=\"https:\/\/sprachmanufaktur.ch\/wp-content\/uploads\/2022\/12\/saatchi.jpg\" alt=\"\" width=\"300\" height=\"150\" \/>\n\t\t\t\t\t\t\t\t\t\t\t\t\t<\/figure>\n\t\t\t\t\t\t\t\t\t\t<\/a>\n\t\t\t\t\t\t\t\t\t\t\t\t\t\t\t\t\t<a href=\"\" target=\"_blank\" rel=\"nofollow noopener\" data-caption=\"\" aria-label=\"\">\n\t\t\t\t\t\t<figure>\n\t\t\t\t\t\t\t<img decoding=\"async\" src=\"https:\/\/sprachmanufaktur.ch\/wp-content\/uploads\/2022\/12\/Hiestand.jpg\" alt=\"\" width=\"300\" height=\"150\" \/>\n\t\t\t\t\t\t\t\t\t\t\t\t\t<\/figure>\n\t\t\t\t\t\t\t\t\t\t<\/a>\n\t\t\t\t\t<!-- navigation arrows -->\n\t\t<button aria-label=\"Vorheriger Partner\" role=\"button\" tabindex=\"0\">\n\t\t\t\t\t<\/button>\n\t\t<button aria-label=\"N\u00e4chster Partner\" role=\"button\" tabindex=\"0\">\n\t\t\t\t\t<\/button>\n\t\t\t\t<a href=\"#kundenstimmen\"  target=\"_self\" itemprop=\"url\">\n\t\t\t\t<img decoding=\"async\" src=\"https:\/\/sprachmanufaktur.ch\/wp-content\/uploads\/2019\/07\/argus-icon-down-orange.png\" alt=\"scroll down icon\" itemprop=\"image\" height=\"100\" width=\"100\" title=\"argus-icon-down-orange\" onerror=\"this.style.display='none'\" loading=\"lazy\" \/>\n\t\t\t\t<\/a>\n<h5  id=\"kundenstimmen\">\n\t\t\tReferenze\t<\/h5>\n\t\t\t\t\t\t\t\t\t<img decoding=\"async\" src=\"https:\/\/sprachmanufaktur.ch\/wp-content\/uploads\/2019\/07\/argus-icon-web.png\" alt=\"Trenner Design Element\" itemprop=\"image\" height=\"200\" width=\"200\" srcset=\"https:\/\/sprachmanufaktur.ch\/wp-content\/uploads\/2019\/07\/argus-icon-web.png 200w, https:\/\/sprachmanufaktur.ch\/wp-content\/uploads\/2019\/07\/argus-icon-web-150x150.png 150w\" sizes=\"(max-width: 200px) 100vw, 200px\" title=\"argus-icon-web\" onerror=\"this.style.display='none'\"  \/>\n<h3>\n\t\t\tCi\u00f2 che ci giunge all&#8217;orecchio,<br \/>lo prendiamo subito a cuore.<br \/>E ci mettiamo la testa.\t<\/h3>\n\t<p><strong><a href=\"https:\/\/sprachmanufaktur.ch\/it\/referenze\/\"> Leggete cosa dicono di noi i nostri e le nostre clienti<\/a><\/strong><\/p>\n<h5  id=\"blog\">\n\t\t\tBlog\t<\/h5>\n<h3>\n\t\t\tPerch\u00e9 non leggete i nostri testi?  Scoprirete tanti fatti interessanti in materia di lingua e traduzione.\t<\/h3>\n\t<p>Contributi disponibili solo in DE e EN<\/p>\n\t<p><strong><a href=\"https:\/\/sprachmanufaktur.ch\/en\/blog\/\">Tutti i contributi<\/a><\/strong><\/p>\n<h5>\n\t\t\tFAQ\t<\/h5>\n\t\t\t\t\t\t\t\t\t<img decoding=\"async\" src=\"https:\/\/sprachmanufaktur.ch\/wp-content\/uploads\/2022\/04\/argus-icon-faq.png\" alt=\"Argus Icon FAQ\" itemprop=\"image\" height=\"191\" width=\"190\" srcset=\"https:\/\/sprachmanufaktur.ch\/wp-content\/uploads\/2022\/04\/argus-icon-faq.png 190w, https:\/\/sprachmanufaktur.ch\/wp-content\/uploads\/2022\/04\/argus-icon-faq-150x150.png 150w\" sizes=\"(max-width: 190px) 100vw, 190px\" title=\"Argus Icon FAQ\" onerror=\"this.style.display='none'\"  \/>\n<h3>\n\t\t\tUna risposta dopo l&#8217;altra.<br \/>Facciamo luce.\t<\/h3>\n\t<p><strong><a href=\"https:\/\/sprachmanufaktur.ch\/it\/faq\/\">Ancora pi\u00f9 argomenti qui.<\/a><\/strong><\/p>\n<h5>\n\t\t\tRichiedere un&#8217;offerta\t<\/h5>\n\t\t\t\t<img decoding=\"async\" src=\"https:\/\/sprachmanufaktur.ch\/wp-content\/uploads\/2019\/07\/kontakt-logo-argus.png\" alt=\"Trenner Design Element\" itemprop=\"image\" height=\"200\" width=\"200\" title=\"kontakt-logo-argus\" onerror=\"this.style.display='none'\" loading=\"lazy\" \/>\n<h3>\n\t\t\tSaremo lieti di leggervi.\t<\/h3>\n\t<p>Vi baster\u00e0 compilare il modulo di richiesta e riceverete un&#8217;offerta entro un giorno lavorativo.<\/p>\n<p>Siete gi\u00e0 clienti e avete un login per il portale clienti? Allora potrete formulare la vostra richiesta direttamente in <a href=\"http:\/\/www.plunet.sprachmanufaktur.ch\"> Plunet (www.plunet.sprachmanufaktur.ch)<\/a>.<\/p>\nNaturalmente saremo lieti di fornirvi anche una consulenza personalizzata in qualsiasi momento o di sottoporvi un&#8217;offerta su misura.<br \/>\nContattateci <a href=\"tel:0041443888260\">telefonicamente (+41 44 388 82 60)<\/a> o via <a href=\"mailto:sprachmanufaktur@argusdatainsights.ch\">e-mail (sprachmanufaktur@argusdatainsights.ch)<\/a>.\n\tARGUS Sprachmanufaktur<br \/>\nR\u00fcdigerstrasse 15, casella postale, 8027 Zurigo<br \/>\n<a href=\"tel:+41443888200\">+41 44 388 82 60<\/a><br \/>\n<a href=\"mailto:sprachmanufaktur@argusdatainsights.ch\">sprachmanufaktur@argusdatainsights.ch<\/a>\n\t\t\t\t<a href=\"https:\/\/www.facebook.com\/ARGUS.Sprachmanufaktur\" target=\"_blank\" rel=\"noopener\" itemprop=\"url\">\n\t\t\t\t<img decoding=\"async\" src=\"https:\/\/sprachmanufaktur.ch\/wp-content\/uploads\/2020\/01\/icon-facebook.png\" alt=\"facebook Social Icon\" itemprop=\"image\" height=\"100\" width=\"100\" title=\"icon-facebook\" onerror=\"this.style.display='none'\" loading=\"lazy\" \/>\n\t\t\t\t<\/a>\n\t\t\t\t<a href=\"https:\/\/twitter.com\/ArgusDataIns_ch?lang=de\" target=\"_blank\" rel=\"noopener\" itemprop=\"url\">\n\t\t\t\t<img decoding=\"async\" src=\"https:\/\/sprachmanufaktur.ch\/wp-content\/uploads\/2019\/07\/twitter-icon-argus.png\" alt=\"Twitter Social Icon\" itemprop=\"image\" height=\"100\" width=\"100\" title=\"twitter-icon-argus\" onerror=\"this.style.display='none'\" loading=\"lazy\" \/>\n\t\t\t\t<\/a>\n\t\t\t\t<a href=\"https:\/\/www.linkedin.com\/company\/argusdatainsigths\u00aeschweizag\/\" target=\"_blank\" rel=\"noopener\" itemprop=\"url\">\n\t\t\t\t<img decoding=\"async\" src=\"https:\/\/sprachmanufaktur.ch\/wp-content\/uploads\/2019\/07\/linkedin-argus-icon.png\" alt=\"linkedin Social Icon\" itemprop=\"image\" height=\"100\" width=\"100\" title=\"linkedin-argus-icon\" onerror=\"this.style.display='none'\" loading=\"lazy\" \/>\n\t\t\t\t<\/a>\n\n","protected":false},"excerpt":{"rendered":"<p>La precisione \u00e8 tutto per voi. Anche nelle vostre traduzioni? Il vostro abito \u00e8 confezionato su misura. Lo \u00e8 anche il vostro rapporto di gestione? Per voi le sfumature sono importanti. E nei vostri testi? Udite anche i toni pi\u00f9 impercettibili. Li riconoscete anche leggendo? La vostra forza si fonda su solide competenze. Vale anche&hellip;<\/p>\n","protected":false},"author":8,"featured_media":0,"parent":0,"menu_order":0,"comment_status":"closed","ping_status":"closed","template":"","meta":{"footnotes":""},"class_list":["post-1044","page","type-page","status-publish","hentry"],"_links":{"self":[{"href":"https:\/\/sprachmanufaktur.ch\/it\/wp-json\/wp\/v2\/pages\/1044","targetHints":{"allow":["GET"]}}],"collection":[{"href":"https:\/\/sprachmanufaktur.ch\/it\/wp-json\/wp\/v2\/pages"}],"about":[{"href":"https:\/\/sprachmanufaktur.ch\/it\/wp-json\/wp\/v2\/types\/page"}],"author":[{"embeddable":true,"href":"https:\/\/sprachmanufaktur.ch\/it\/wp-json\/wp\/v2\/users\/8"}],"replies":[{"embeddable":true,"href":"https:\/\/sprachmanufaktur.ch\/it\/wp-json\/wp\/v2\/comments?post=1044"}],"version-history":[{"count":27,"href":"https:\/\/sprachmanufaktur.ch\/it\/wp-json\/wp\/v2\/pages\/1044\/revisions"}],"predecessor-version":[{"id":5474,"href":"https:\/\/sprachmanufaktur.ch\/it\/wp-json\/wp\/v2\/pages\/1044\/revisions\/5474"}],"wp:attachment":[{"href":"https:\/\/sprachmanufaktur.ch\/it\/wp-json\/wp\/v2\/media?parent=1044"}],"curies":[{"name":"wp","href":"https:\/\/api.w.org\/{rel}","templated":true}]}}