{"id":789,"date":"2019-08-21T13:58:11","date_gmt":"2019-08-21T13:58:11","guid":{"rendered":"https:\/\/sprachmanufaktur.ch\/?page_id=789"},"modified":"2025-12-01T08:07:54","modified_gmt":"2025-12-01T08:07:54","slug":"home","status":"publish","type":"page","link":"https:\/\/sprachmanufaktur.ch\/fr\/","title":{"rendered":"Home"},"content":{"rendered":"\n\n\t\t\t<img decoding=\"async\" loading=\"false\" src=\"https:\/\/sprachmanufaktur.ch\/wp-content\/uploads\/2019\/07\/argus-sprachmanufaktur-bild1.jpg\" alt=\"La pr\u00e9cision sinon rien.\" \/>\t\t\t\n\t\t\t\t<h3>La pr\u00e9cision sinon rien.<\/h3><h2><mark>Pour vos traductions \u00e9galement.<\/mark><\/h2>\n<a href=\"#sprachmanufaktur\" target=\"_self\"><img decoding=\"async\" src=\"\/wp-content\/uploads\/2019\/07\/argus-icon-down-orange.png\" width=\"30\" \/><\/a>\t\t\t\n\t\t\t<img decoding=\"async\" loading=\"false\" src=\"https:\/\/sprachmanufaktur.ch\/wp-content\/uploads\/2019\/07\/argus-sprachmanufaktur-bild2.jpg\" alt=\"Exigez du sur-mesure.\" \/>\t\t\t\n\t\t\t\t<h3>Exigez du sur-mesure.<\/h3><h2><mark>Pour votre communication aussi.<\/mark><\/h2>\n<a href=\"#sprachmanufaktur\" target=\"_self\"><img decoding=\"async\" src=\"\/wp-content\/uploads\/2019\/07\/argus-icon-down-orange.png\" width=\"30\" \/><\/a>\t\t\t\n\t\t\t<img decoding=\"async\" loading=\"false\" src=\"https:\/\/sprachmanufaktur.ch\/wp-content\/uploads\/2019\/07\/argus-sprachmanufaktur-bild3.jpg\" alt=\"Vous avez le sens des nuances.\" \/>\t\t\t\n\t\t\t\t<h3>Vous avez le sens des nuances.<\/h3><h2><mark>Partagez-le avec \u00e9loquence.<\/mark><\/h2>\n<a href=\"#sprachmanufaktur\" target=\"_self\"><img decoding=\"async\" src=\"\/wp-content\/uploads\/2019\/07\/argus-icon-down-orange.png\" width=\"30\" \/><\/a>\t\t\t\n\t\t\t<img decoding=\"async\" loading=\"false\" src=\"https:\/\/sprachmanufaktur.ch\/wp-content\/uploads\/2019\/07\/argus-sprachmanufaktur-bild4.jpg\" alt=\"Vous avez l'oreille absolue.\" \/>\t\t\t\n\t\t\t\t<h3>Vous avez l&rsquo;oreille absolue.<\/h3><h2><mark>Exigez les mots justes.<\/mark><\/h2>\n<a href=\"#sprachmanufaktur\" target=\"_self\"><img decoding=\"async\" src=\"\/wp-content\/uploads\/2019\/07\/argus-icon-down-orange.png\" width=\"30\" \/><\/a>\t\t\t\n\t\t\t<img decoding=\"async\" loading=\"false\" src=\"https:\/\/sprachmanufaktur.ch\/wp-content\/uploads\/2019\/07\/argus-sprachmanufaktur-bild5.jpg\" alt=\"Ma\u00eetriser son sujet.\" \/>\t\t\t\n\t\t\t\t<h3>Ma\u00eetriser son sujet.<\/h3><h2><mark>La cl\u00e9 du succ\u00e8s.<\/mark><\/h2>\n<a href=\"#sprachmanufaktur\" target=\"_self\"><img decoding=\"async\" src=\"\/wp-content\/uploads\/2019\/07\/argus-icon-down-orange.png\" width=\"30\" \/><\/a>\t\t\t\n<h5>\n\t\t\tSprachmanufaktur\t<\/h5>\n\t\t\t\t<img decoding=\"async\" src=\"https:\/\/sprachmanufaktur.ch\/wp-content\/uploads\/2019\/07\/argus-icon-web-150x150.png\" alt=\"Trenner Design Element\" itemprop=\"image\" height=\"150\" width=\"150\" title=\"argus-icon-web\" onerror=\"this.style.display='none'\" loading=\"lazy\" \/>\n<h1>\n\t\t\tArtisans du langage, nous faisons voyager<br \/>votre message d&rsquo;une langue \u00e0 l&rsquo;autre, avec un r\u00e9sultat en tout point conforme<br \/>\u00e0 votre intention.\t<\/h1>\n<h2>\n\t\t\tTraduire l&rsquo;esprit plut\u00f4t que la lettre.\t<\/h2>\n\t\t<!-- Comment to fix spacing issue\n\t-->\n\t\t<h4>0<\/h4>\n\t<!-- Comment to fix spacing issue\n\t-->\t\n\tUNE PR\u00c9SENCE<br \/>\nINTERNATIONALE DEPUIS<br \/>\nPLUS DE 15 ANS.\n\t\t<!-- Comment to fix spacing issue\n\t-->\n\t\t<h4>0<\/h4>\n\t<!-- Comment to fix spacing issue\n\t-->\t\n\tUN R\u00c9SEAU DE PLUS DE 200<br \/>\nTRADUCTEURS IND\u00c9PENDANTS DIPL\u00d4M\u00c9S<br \/>\nNOUS SOUTIENT AU QUOTIDIEN.\n\t\t<!-- Comment to fix spacing issue\n\t-->\n\t\t<h4>0<\/h4>\n\t<!-- Comment to fix spacing issue\n\t-->\t\n\t95 % DE NOS CLIENTS FONT<br \/>\nR\u00c9GULI\u00c8REMENT APPEL \u00c0 NOS SERVICES.\n\tNotre \u00e9quipe de sp\u00e9cialistes linguistiques travaille avec engagement et passion afin de vous livrer des traductions sur mesure.<br \/>\nNous faisons partie d&rsquo;ARGUS DATA INSIGHTS Schweiz AG, principal fournisseur de solutions d&rsquo;intelligence m\u00e9dia de la r\u00e9gion DACH.\n\t\t\t\t<a href=\"#was\"  target=\"_self\" itemprop=\"url\">\n\t\t\t\t<img decoding=\"async\" src=\"https:\/\/sprachmanufaktur.ch\/wp-content\/uploads\/2019\/07\/argus-icon-down-weiss.png\" alt=\"scroll down icon weiss\" itemprop=\"image\" height=\"100\" width=\"100\" title=\"argus-icon-down-weiss\" onerror=\"this.style.display='none'\" loading=\"lazy\" \/>\n\t\t\t\t<\/a>\n<h5>\n\t\t\tSERVICES \t<\/h5>\n<h2>\n\t\t\tNos prestations sont r\u00e9alis\u00e9es<br \/>sur mesure, en accord avec vos<br \/>exigences et vos besoins.\t<\/h2>\n\t<p>Vos textes ont une \u00e2me : ne prenez pas le risque de la voir dispara\u00eetre en recourant \u00e0 des services de traduction standardis\u00e9s. Nos experts linguistiques portent une attention toute particuli\u00e8re \u00e0 vos textes et les transposent avec savoir-faire, finesse et subtilit\u00e9 dans les langues de votre choix. Nous nous appuyons sur des outils technologiques innovants, et consacrons le temps qu&rsquo;ils nous font gagner \u00e0 parfaire vos textes.<\/p>\n<h2>\n\t\t\tUne palette de comp\u00e9tences<br \/> et de talents.\t<\/h2>\n\t<p>Une \u00e9quipe internationale d&rsquo;expertes et d&rsquo;experts linguistiques vous conseille personnellement, s&rsquo;occupe de la gestion de vos projets et b\u00e9n\u00e9ficie du soutien d&rsquo;un r\u00e9seau de plus de 200 traducteurs ind\u00e9pendants. Tous justifient d&rsquo;un dipl\u00f4me de traduction et traduisent exclusivement vers leur langue maternelle. Chaque projet est suivi individuellement afin de pouvoir vous garantir le respect de l&rsquo;esprit de vos textes.<\/p>\n<strong><a href=\"https:\/\/sprachmanufaktur.ch\/fr\/services\/#fachuebersetzung\">Traduction sp\u00e9cialis\u00e9e<\/a><\/strong><br \/>\nTraduction de vos textes dans la langue de votre choix, relecture par un second traducteur incluse.\n<strong><a href=\"https:\/\/sprachmanufaktur.ch\/fr\/services\/#transkreation\">Transcr\u00e9ation<\/a><\/strong><br \/>\nAdaptation culturelle de textes \u00e0 caract\u00e8re publicitaire.\n<strong><a href=\"https:\/\/sprachmanufaktur.ch\/fr\/services\/#lektorat\">Relecture<\/a><\/strong><br \/>\nR\u00e9vision stylistique, grammaticale et orthographique des textes originaux et de leurs traductions.\n<strong><a href=\"https:\/\/sprachmanufaktur.ch\/fr\/services\/#gut-zum-druck\">Bon \u00e0 tirer<\/a><\/strong><br \/>\nContr\u00f4le final du texte mis en page avant impression.\n<strong><a href=\"https:\/\/sprachmanufaktur.ch\/fr\/services\/#untertitelung\">Sous-titrage<\/a><\/strong><br \/>\nCr\u00e9ation de sous-titres avec timecodes et traduction dans la langue de votre choix.\n<strong><a href=\"https:\/\/sprachmanufaktur.ch\/fr\/services\/#voiceover\">Doublage de vid\u00e9os<\/a><\/strong><br \/>\nTraduction et enregistrement d&rsquo;une voix de doublage dans la langue de votre choix.\n<strong><a href=\"https:\/\/sprachmanufaktur.ch\/fr\/services\/#post-editing\">Post-\u00e9dition<\/a><\/strong><br \/>\nTraitement de traduction automatis\u00e9es.<br \/>\nLight Post-Editing &#8211; R\u00e9vision simple (orthographe, erreurs grammaticales, fautes de sens).<br \/>\nFull Post-Editing &#8211; R\u00e9vision compl\u00e8te (style, terminologie, formatage inclus).\n<strong><a href=\"https:\/\/sprachmanufaktur.ch\/fr\/services\/#management-summary\">Management Summary<\/a><\/strong><br \/>\nSynth\u00e8se \u00e9crite de textes ou publications dans la langue de votre choix.\n<strong><a href=\"https:\/\/sprachmanufaktur.ch\/fr\/services\/#terminologie-corporate-wording\">Services terminologiques<\/a><\/strong><br \/>\nCr\u00e9ation d&rsquo;une base de donn\u00e9es terminologique sp\u00e9cifique \u00e0 votre entreprise.\n<strong><a href=\"https:\/\/sprachmanufaktur.ch\/fr\/nos-services\/#transkription\">Transcription<\/a><\/strong><br \/>\nReproduction \u00e9crite ou synth\u00e8se du contenu de vos fichiers audio et vid\u00e9o.\n<strong><a href=\"https:\/\/sprachmanufaktur.ch\/fr\/services\/#sprachdatenmanagement\">Conseil en solutions multilingues<\/a><\/strong><br \/>\nConseil et soutien dans la mise en place de processus d&rsquo;entreprise multilingues.\n<strong><a href=\"https:\/\/sprachmanufaktur.ch\/fr\/leistungen\/#copywriting\">Copywriting<\/a><\/strong><br \/>\nR\u00e9daction de textes publicitaires ou marketing directement dans la langue souhait\u00e9e.\n<h2>\n\t\t\tDu briefing au<br \/>produit final.\t<\/h2>\n\t<p>Notre \u00e9quipe prend en charge l&rsquo;ensemble des \u00e9tapes de votre projet de traduction. De la planification des ressources au contr\u00f4le qualit\u00e9 final.<\/p>\n<h2>\n\t\t\tPriorit\u00e9 \u00e0 la s\u00e9curit\u00e9 et<br \/>la confidentialit\u00e9 des donn\u00e9es.\t<\/h2>\n\t<p>Nous respectons bien entendu la loi sur la protection des donn\u00e9es et vous garantissons une confidentialit\u00e9 absolue. L&rsquo;\u00e9change de documents peut se faire de mani\u00e8re crypt\u00e9e ou via un serveur s\u00e9curis\u00e9.<\/p>\n<h2>\n\t\t\tUne qualit\u00e9 certifi\u00e9e.\t<\/h2>\n\tARGUS Sprachmanufaktur est fi\u00e8re d&rsquo;\u00eatre certifi\u00e9e selon la norme ISO 17100. Cette norme reconnue dans le monde entier impose des exigences rigoureuses en mati\u00e8re de gestion des projets de traduction, de respect des sp\u00e9cificit\u00e9s linguistiques, de comp\u00e9tences des ressources engag\u00e9es et de s\u00e9curit\u00e9 des donn\u00e9es.<br \/>\nVous trouverez notre certificat <a href=\"https:\/\/sprachmanufaktur.ch\/fr\/certification\/\" target=\"_blank\" rel=\"noopener\">ici.<\/a>\n\t\t\t\t<a href=\"#M\u00c9THODE\"  target=\"_self\" itemprop=\"url\">\n\t\t\t\t<img decoding=\"async\" src=\"https:\/\/sprachmanufaktur.ch\/wp-content\/uploads\/2019\/07\/argus-icon-down-orange.png\" alt=\"scroll down icon\" itemprop=\"image\" height=\"100\" width=\"100\" title=\"argus-icon-down-orange\" onerror=\"this.style.display='none'\" loading=\"lazy\" \/>\n\t\t\t\t<\/a>\n<h5>\n\t\t\tCREDO\t<\/h5>\n<h6>\n\t\t\tTraduire l&rsquo;esprit<br \/>plut\u00f4t que la lettre. \t<\/h6>\n\t<p>En respectant l&rsquo;intention premi\u00e8re de vos textes et la connaissance des usages culturels et linguistiques sur vos march\u00e9s.<\/p>\n<h6>\n\t\t\tMa\u00eetriser les nouvelles technologies<br \/>tout autant que son sujet.\t<\/h6>\n\t<p>Pour garantir coh\u00e9rence et continuit\u00e9 logique d&rsquo;un texte \u00e0 l&rsquo;autre, nous faisons appel aux technologies les plus modernes. Avec mesure et discernement.<\/p>\n<h6>\n\t\t\tTrouver le ton juste<br \/>et savoir lire entre les lignes. \t<\/h6>\n\t<p>Nos experts linguistiques, reconnus pour leur exp\u00e9rience et leur ma\u00eetrise des enjeux de votre secteur, gardent \u00e0 l&rsquo;esprit le message que vous souhaitez faire passer.<\/p>\n<h6>\n\t\t\tDonner de la personnalit\u00e9<br \/>\u00e0 chaque texte<br \/>en respectant la v\u00f4tre. \t<\/h6>\n\t<p>Votre interlocuteur personnel est toujours \u00e0 votre \u00e9coute et accompagne chacun de vos projets comme si c&rsquo;\u00e9tait le sien.<\/p>\n<h6>\n\t\t\tFaire rimer rapidit\u00e9<br \/>et pr\u00e9cision. \t<\/h6>\n\t<p>Au m\u00eame titre que la rigueur et la pr\u00e9cision, la gestion du temps et le respect des d\u00e9lais font partie de notre ADN.<\/p>\n\t\t\t\t<a href=\"#L'\u00c9QUIPE\"  target=\"_self\" itemprop=\"url\">\n\t\t\t\t<img decoding=\"async\" src=\"https:\/\/sprachmanufaktur.ch\/wp-content\/uploads\/2019\/07\/argus-icon-down-orange.png\" alt=\"scroll down icon\" itemprop=\"image\" height=\"100\" width=\"100\" title=\"argus-icon-down-orange\" onerror=\"this.style.display='none'\" loading=\"lazy\" \/>\n\t\t\t\t<\/a>\n<h5>\n\t\t\tDOMAINES DE SP\u00c9CIALISATION\t<\/h5>\n<h3>\n\t\t\tNos comp\u00e9tences principales\t<\/h3>\n\t<ul>\n<li>Communication d&rsquo;entreprise et marketing<\/li>\n<li>M\u00e9dias et journalisme<\/li>\n<li>Industrie du luxe (horlogerie, joaillerie, automobile, etc.)<\/li>\n<li>M\u00e9decine et industrie pharmaceutique<\/li>\n<\/ul>\n\t<ul>\n<li>Institutions publiques, \u00e9ducation, associations<\/li>\n<li>Gastronomie, restauration, grande distribution<\/li>\n<li>Banques et assurances<\/li>\n<li>Industrie et technique<\/li>\n<\/ul>\n<h3>\n\t\t\tIls nous font confiance\t<\/h3>\n\t\t\t\t\t\t\t\t\t\t\t\t\t\t\t\t\t<a href=\"\" target=\"_blank\" rel=\"nofollow noopener\" data-caption=\"\" aria-label=\"\">\n\t\t\t\t\t\t<figure>\n\t\t\t\t\t\t\t<img decoding=\"async\" src=\"https:\/\/sprachmanufaktur.ch\/wp-content\/uploads\/2023\/12\/igkg-logo.jpg\" alt=\"\" width=\"300\" height=\"150\" \/>\n\t\t\t\t\t\t\t\t\t\t\t\t\t<\/figure>\n\t\t\t\t\t\t\t\t\t\t<\/a>\n\t\t\t\t\t\t\t\t\t\t\t\t\t\t\t\t\t<a href=\"\" target=\"_blank\" rel=\"nofollow noopener\" data-caption=\"\" aria-label=\"\">\n\t\t\t\t\t\t<figure>\n\t\t\t\t\t\t\t<img decoding=\"async\" src=\"https:\/\/sprachmanufaktur.ch\/wp-content\/uploads\/2019\/07\/swissstaffing.jpg\" alt=\"\" width=\"300\" height=\"150\" \/>\n\t\t\t\t\t\t\t\t\t\t\t\t\t<\/figure>\n\t\t\t\t\t\t\t\t\t\t<\/a>\n\t\t\t\t\t\t\t\t\t\t\t\t\t\t\t\t\t<a href=\"\" target=\"_blank\" rel=\"nofollow noopener\" data-caption=\"\" aria-label=\"\">\n\t\t\t\t\t\t<figure>\n\t\t\t\t\t\t\t<img decoding=\"async\" src=\"https:\/\/sprachmanufaktur.ch\/wp-content\/uploads\/2022\/12\/ringer.jpg\" alt=\"\" width=\"300\" height=\"150\" \/>\n\t\t\t\t\t\t\t\t\t\t\t\t\t<\/figure>\n\t\t\t\t\t\t\t\t\t\t<\/a>\n\t\t\t\t\t\t\t\t\t\t\t\t\t\t\t\t\t<a href=\"\" target=\"_blank\" rel=\"nofollow noopener\" data-caption=\"\" aria-label=\"\">\n\t\t\t\t\t\t<figure>\n\t\t\t\t\t\t\t<img decoding=\"async\" src=\"https:\/\/sprachmanufaktur.ch\/wp-content\/uploads\/2022\/12\/plusag.jpg\" alt=\"\" width=\"300\" height=\"150\" \/>\n\t\t\t\t\t\t\t\t\t\t\t\t\t<\/figure>\n\t\t\t\t\t\t\t\t\t\t<\/a>\n\t\t\t\t\t\t\t\t\t\t\t\t\t\t\t\t\t<a href=\"\" target=\"_blank\" rel=\"nofollow noopener\" data-caption=\"\" aria-label=\"\">\n\t\t\t\t\t\t<figure>\n\t\t\t\t\t\t\t<img decoding=\"async\" src=\"https:\/\/sprachmanufaktur.ch\/wp-content\/uploads\/2022\/12\/liip.jpg\" alt=\"\" width=\"300\" height=\"150\" \/>\n\t\t\t\t\t\t\t\t\t\t\t\t\t<\/figure>\n\t\t\t\t\t\t\t\t\t\t<\/a>\n\t\t\t\t\t\t\t\t\t\t\t\t\t\t\t\t\t<a href=\"\" target=\"_blank\" rel=\"nofollow noopener\" data-caption=\"\" aria-label=\"\">\n\t\t\t\t\t\t<figure>\n\t\t\t\t\t\t\t<img decoding=\"async\" src=\"https:\/\/sprachmanufaktur.ch\/wp-content\/uploads\/2022\/12\/c-matrix.jpg\" alt=\"\" width=\"300\" height=\"150\" \/>\n\t\t\t\t\t\t\t\t\t\t\t\t\t<\/figure>\n\t\t\t\t\t\t\t\t\t\t<\/a>\n\t\t\t\t\t\t\t\t\t\t\t\t\t\t\t\t\t<a href=\"\" target=\"_blank\" rel=\"nofollow noopener\" data-caption=\"\" aria-label=\"\">\n\t\t\t\t\t\t<figure>\n\t\t\t\t\t\t\t<img decoding=\"async\" src=\"https:\/\/sprachmanufaktur.ch\/wp-content\/uploads\/2022\/12\/blacksocks.jpg\" alt=\"\" width=\"300\" height=\"150\" \/>\n\t\t\t\t\t\t\t\t\t\t\t\t\t<\/figure>\n\t\t\t\t\t\t\t\t\t\t<\/a>\n\t\t\t\t\t\t\t\t\t\t\t\t\t\t\t\t\t<a href=\"\" target=\"_blank\" rel=\"nofollow noopener\" data-caption=\"\" aria-label=\"\">\n\t\t\t\t\t\t<figure>\n\t\t\t\t\t\t\t<img decoding=\"async\" src=\"https:\/\/sprachmanufaktur.ch\/wp-content\/uploads\/2022\/12\/malergipser.jpg\" alt=\"\" width=\"300\" height=\"150\" \/>\n\t\t\t\t\t\t\t\t\t\t\t\t\t<\/figure>\n\t\t\t\t\t\t\t\t\t\t<\/a>\n\t\t\t\t\t\t\t\t\t\t\t\t\t\t\t\t\t<a href=\"\" target=\"_blank\" rel=\"nofollow noopener\" data-caption=\"\" aria-label=\"\">\n\t\t\t\t\t\t<figure>\n\t\t\t\t\t\t\t<img decoding=\"async\" src=\"https:\/\/sprachmanufaktur.ch\/wp-content\/uploads\/2022\/12\/swissfibrenet.jpg\" alt=\"\" width=\"300\" height=\"150\" \/>\n\t\t\t\t\t\t\t\t\t\t\t\t\t<\/figure>\n\t\t\t\t\t\t\t\t\t\t<\/a>\n\t\t\t\t\t\t\t\t\t\t\t\t\t\t\t\t\t<a href=\"\" target=\"_blank\" rel=\"nofollow noopener\" data-caption=\"\" aria-label=\"\">\n\t\t\t\t\t\t<figure>\n\t\t\t\t\t\t\t<img decoding=\"async\" src=\"https:\/\/sprachmanufaktur.ch\/wp-content\/uploads\/2022\/12\/schweizerbrauereiverband.jpg\" alt=\"\" width=\"300\" height=\"150\" \/>\n\t\t\t\t\t\t\t\t\t\t\t\t\t<\/figure>\n\t\t\t\t\t\t\t\t\t\t<\/a>\n\t\t\t\t\t\t\t\t\t\t\t\t\t\t\t\t\t<a href=\"\" target=\"_blank\" rel=\"nofollow noopener\" data-caption=\"\" aria-label=\"\">\n\t\t\t\t\t\t<figure>\n\t\t\t\t\t\t\t<img decoding=\"async\" src=\"https:\/\/sprachmanufaktur.ch\/wp-content\/uploads\/2022\/12\/sms.jpg\" alt=\"\" width=\"300\" height=\"150\" \/>\n\t\t\t\t\t\t\t\t\t\t\t\t\t<\/figure>\n\t\t\t\t\t\t\t\t\t\t<\/a>\n\t\t\t\t\t\t\t\t\t\t\t\t\t\t\t\t\t<a href=\"\" target=\"_blank\" rel=\"nofollow noopener\" data-caption=\"\" aria-label=\"\">\n\t\t\t\t\t\t<figure>\n\t\t\t\t\t\t\t<img decoding=\"async\" src=\"https:\/\/sprachmanufaktur.ch\/wp-content\/uploads\/2022\/12\/zoobasel.jpg\" alt=\"\" width=\"300\" height=\"150\" \/>\n\t\t\t\t\t\t\t\t\t\t\t\t\t<\/figure>\n\t\t\t\t\t\t\t\t\t\t<\/a>\n\t\t\t\t\t\t\t\t\t\t\t\t\t\t\t\t\t<a href=\"\" target=\"_blank\" rel=\"nofollow noopener\" data-caption=\"\" aria-label=\"\">\n\t\t\t\t\t\t<figure>\n\t\t\t\t\t\t\t<img decoding=\"async\" src=\"https:\/\/sprachmanufaktur.ch\/wp-content\/uploads\/2022\/12\/barry.jpg\" alt=\"\" width=\"300\" height=\"150\" \/>\n\t\t\t\t\t\t\t\t\t\t\t\t\t<\/figure>\n\t\t\t\t\t\t\t\t\t\t<\/a>\n\t\t\t\t\t\t\t\t\t\t\t\t\t\t\t\t\t<a href=\"\" target=\"_blank\" rel=\"nofollow noopener\" data-caption=\"\" aria-label=\"\">\n\t\t\t\t\t\t<figure>\n\t\t\t\t\t\t\t<img decoding=\"async\" src=\"https:\/\/sprachmanufaktur.ch\/wp-content\/uploads\/2022\/12\/automobilclub.jpg\" alt=\"\" width=\"300\" height=\"150\" \/>\n\t\t\t\t\t\t\t\t\t\t\t\t\t<\/figure>\n\t\t\t\t\t\t\t\t\t\t<\/a>\n\t\t\t\t\t\t\t\t\t\t\t\t\t\t\t\t\t<a href=\"\" target=\"_blank\" rel=\"nofollow noopener\" data-caption=\"\" aria-label=\"\">\n\t\t\t\t\t\t<figure>\n\t\t\t\t\t\t\t<img decoding=\"async\" src=\"https:\/\/sprachmanufaktur.ch\/wp-content\/uploads\/2022\/12\/fors.jpg\" alt=\"\" width=\"300\" height=\"150\" \/>\n\t\t\t\t\t\t\t\t\t\t\t\t\t<\/figure>\n\t\t\t\t\t\t\t\t\t\t<\/a>\n\t\t\t\t\t\t\t\t\t\t\t\t\t\t\t\t\t<a href=\"\" target=\"_blank\" rel=\"nofollow noopener\" data-caption=\"\" aria-label=\"\">\n\t\t\t\t\t\t<figure>\n\t\t\t\t\t\t\t<img decoding=\"async\" src=\"https:\/\/sprachmanufaktur.ch\/wp-content\/uploads\/2022\/12\/saatchi.jpg\" alt=\"\" width=\"300\" height=\"150\" \/>\n\t\t\t\t\t\t\t\t\t\t\t\t\t<\/figure>\n\t\t\t\t\t\t\t\t\t\t<\/a>\n\t\t\t\t\t\t\t\t\t\t\t\t\t\t\t\t\t<a href=\"\" target=\"_blank\" rel=\"nofollow noopener\" data-caption=\"\" aria-label=\"\">\n\t\t\t\t\t\t<figure>\n\t\t\t\t\t\t\t<img decoding=\"async\" src=\"https:\/\/sprachmanufaktur.ch\/wp-content\/uploads\/2022\/12\/Hiestand.jpg\" alt=\"\" width=\"300\" height=\"150\" \/>\n\t\t\t\t\t\t\t\t\t\t\t\t\t<\/figure>\n\t\t\t\t\t\t\t\t\t\t<\/a>\n\t\t\t\t\t<!-- navigation arrows -->\n\t\t<button aria-label=\"Vorheriger Partner\" role=\"button\" tabindex=\"0\">\n\t\t\t\t\t<\/button>\n\t\t<button aria-label=\"N\u00e4chster Partner\" role=\"button\" tabindex=\"0\">\n\t\t\t\t\t<\/button>\n\t\t\t\t<a href=\"#references\"  target=\"_self\" itemprop=\"url\">\n\t\t\t\t<img decoding=\"async\" src=\"https:\/\/sprachmanufaktur.ch\/wp-content\/uploads\/2019\/07\/argus-icon-down-orange.png\" alt=\"scroll down icon\" itemprop=\"image\" height=\"100\" width=\"100\" title=\"argus-icon-down-orange\" onerror=\"this.style.display='none'\" loading=\"lazy\" \/>\n\t\t\t\t<\/a>\n<h5  id=\"kundenstimmen\">\n\t\t\tR\u00e9f\u00e9rences\t<\/h5>\n\t\t\t\t\t\t\t\t\t<img decoding=\"async\" src=\"https:\/\/sprachmanufaktur.ch\/wp-content\/uploads\/2019\/07\/argus-icon-web.png\" alt=\"Trenner Design Element\" itemprop=\"image\" height=\"200\" width=\"200\" srcset=\"https:\/\/sprachmanufaktur.ch\/wp-content\/uploads\/2019\/07\/argus-icon-web.png 200w, https:\/\/sprachmanufaktur.ch\/wp-content\/uploads\/2019\/07\/argus-icon-web-150x150.png 150w\" sizes=\"(max-width: 200px) 100vw, 200px\" title=\"argus-icon-web\" onerror=\"this.style.display='none'\"  \/>\n<h3>\n\t\t\tTous vos commentaires nous touchent. Et nous font r\u00e9fl\u00e9chir.\t<\/h3>\n\t<p><strong><a href=\"https:\/\/sprachmanufaktur.ch\/fr\/references\/\"> D\u00e9couvrez ce que nos clientes et clients pensent de nous<\/a><\/strong><\/p>\n<h5  id=\"blog\">\n\t\t\tBlog\t<\/h5>\n<h3>\n\t\t\tEt si pour changer, c&rsquo;est vous qui lisiez ce que nous \u00e9crivons\u00a0?  Vous y trouverez de nombreuses informations passionnantes sur la langue et la traduction.\t<\/h3>\n\t<meta itemscope itemprop=\"mainEntityOfPage\" itemtype=\"https:\/\/schema.org\/WebPage\" itemid=\"https:\/\/sprachmanufaktur.ch\/fr\/recit-dune-aventure\/\" content=\"R\u00e9cit d'une aventure\" \/><meta itemprop=\"datePublished\" content=\"2023-11-06\" \/><meta itemprop=\"dateModified\" content=\"2023-11-06\" \/><meta itemprop=\"name\" content=\"ARGUS Sprachmanufaktur - Z\u00fcrich\"\/><meta itemprop=\"url\" content=\"https:\/\/sprachmanufaktur.ch\/fr\/author\/nicolas\/\" \/><meta itemprop=\"name\" content=\"Nicolas Ponchon\" \/><meta itemprop=\"url\" content=\"https:\/\/sprachmanufaktur.ch\/wp-content\/uploads\/2023\/11\/6904-2023.10.03-Eva-Ferre-Mur-Kodak-APS-14-scaled.jpg\" \/><meta itemprop=\"width\" content=\"2560\" \/><meta itemprop=\"height\" content=\"1466\" \/><meta itemprop=\"interactionType\" content=\"https:\/\/schema.org\/CommentAction\" \/><meta itemprop=\"userInteractionCount\" content=\"0\" \/>\n\t\t\t\t\t\t<a href='https:\/\/sprachmanufaktur.ch\/fr\/recit-dune-aventure\/' title='R\u00e9cit d'une aventure'><img width=\"1024\" height=\"586\" src=\"https:\/\/sprachmanufaktur.ch\/wp-content\/uploads\/2023\/11\/6904-2023.10.03-Eva-Ferre-Mur-Kodak-APS-14-1024x586.jpg\" alt=\"Auf dem Velo durch Japan\" itemprop=\"image\" decoding=\"async\" srcset=\"https:\/\/sprachmanufaktur.ch\/wp-content\/uploads\/2023\/11\/6904-2023.10.03-Eva-Ferre-Mur-Kodak-APS-14-1024x586.jpg 1024w, https:\/\/sprachmanufaktur.ch\/wp-content\/uploads\/2023\/11\/6904-2023.10.03-Eva-Ferre-Mur-Kodak-APS-14-300x172.jpg 300w, https:\/\/sprachmanufaktur.ch\/wp-content\/uploads\/2023\/11\/6904-2023.10.03-Eva-Ferre-Mur-Kodak-APS-14-768x440.jpg 768w, https:\/\/sprachmanufaktur.ch\/wp-content\/uploads\/2023\/11\/6904-2023.10.03-Eva-Ferre-Mur-Kodak-APS-14-1536x880.jpg 1536w, https:\/\/sprachmanufaktur.ch\/wp-content\/uploads\/2023\/11\/6904-2023.10.03-Eva-Ferre-Mur-Kodak-APS-14-2048x1173.jpg 2048w\" sizes=\"(max-width: 1024px) 100vw, 1024px\" \/><\/a>\n\t\t\t\t\t<h3><a href='https:\/\/sprachmanufaktur.ch\/fr\/recit-dune-aventure\/' title='R\u00e9cit d'une aventure'>R\u00e9cit d&rsquo;une aventure<\/a><\/h3>\n\t<p><strong><a href=\"https:\/\/sprachmanufaktur.ch\/en\/blog\/\">Tous les articles <\/a><\/strong><\/p>\n<h5>\n\t\t\tFAQ\t<\/h5>\n\t\t\t\t\t\t\t\t\t<img decoding=\"async\" src=\"https:\/\/sprachmanufaktur.ch\/wp-content\/uploads\/2022\/04\/argus-icon-faq.png\" alt=\"Argus Icon FAQ\" itemprop=\"image\" height=\"191\" width=\"190\" srcset=\"https:\/\/sprachmanufaktur.ch\/wp-content\/uploads\/2022\/04\/argus-icon-faq.png 190w, https:\/\/sprachmanufaktur.ch\/wp-content\/uploads\/2022\/04\/argus-icon-faq-150x150.png 150w\" sizes=\"(max-width: 190px) 100vw, 190px\" title=\"Argus Icon FAQ\" onerror=\"this.style.display='none'\"  \/>\n<h3>\n\t\t\tR\u00e9ponse apr\u00e8s r\u00e9ponse.<br \/>Nous levons le voile.\t<\/h3>\n\t<p><strong><a href=\"https:\/\/sprachmanufaktur.ch\/fr\/faq\/\"> Retrouvez plus de th\u00e8mes ici <\/a><\/strong><\/p>\n<h5>\n\t\t\tDemander une offre\t<\/h5>\n\t\t\t\t<img decoding=\"async\" src=\"https:\/\/sprachmanufaktur.ch\/wp-content\/uploads\/2019\/07\/kontakt-logo-argus.png\" alt=\"Trenner Design Element\" itemprop=\"image\" height=\"200\" width=\"200\" title=\"kontakt-logo-argus\" onerror=\"this.style.display='none'\" loading=\"lazy\" \/>\n<h3>\n\t\t\tAu plaisir de vous lire !\t<\/h3>\n\t<p>Remplissez le formulaire et recevez votre offre dans un d\u00e9lai d&rsquo;un jour ouvr\u00e9.<\/p>\n<p>Vous \u00eates d\u00e9j\u00e0 client\u00b7e et vous avez un <strong>identifiant pour le portail client<\/strong> ? Vous pouvez alors effectuer votre demande directement sur <a href=\"http:\/\/www.plunet.sprachmanufaktur.ch\"> Plunet (www.plunet.sprachmanufaktur.ch)<\/a>.<\/p>\n<p>Nous sommes bien entendu l\u00e0 \u00e0 tout moment pour vous conseiller personnellement ou vous proposer une offre sur mesure. Vous pouvez nous joindre <a href=\"tel:0041443888260\">par t\u00e9l\u00e9phone au +41 44 388 82 60<\/a> ou par <a href=\"mailto:sprachmanufaktur@argusdatainsights.ch\">e-mail\u00a0\u00e0 sprachmanufaktur@argusdatainsights.ch<\/a>.<\/p>\n\tARGUS Sprachmanufaktur<br \/>\nR\u00fcdigerstrasse 15, Case postale, 8027 Z\u00fcrich<br \/>\n<a href=\"tel:+41443888200\">+41 44 388 82 60<\/a><br \/>\n<a href=\"mailto:sprachmanufaktur@argusdatainsights.ch\">sprachmanufaktur@argusdatainsights.ch<\/a>\n\t\t\t\t<a href=\"https:\/\/www.facebook.com\/ARGUS.Sprachmanufaktur\" target=\"_blank\" rel=\"noopener\" itemprop=\"url\">\n\t\t\t\t<img decoding=\"async\" src=\"https:\/\/sprachmanufaktur.ch\/wp-content\/uploads\/2020\/01\/icon-facebook.png\" alt=\"facebook Social Icon\" itemprop=\"image\" height=\"100\" width=\"100\" title=\"icon-facebook\" onerror=\"this.style.display='none'\" loading=\"lazy\" \/>\n\t\t\t\t<\/a>\n\t\t\t\t<a href=\"https:\/\/twitter.com\/ArgusDataIns_ch?lang=de\" target=\"_blank\" rel=\"noopener\" itemprop=\"url\">\n\t\t\t\t<img decoding=\"async\" src=\"https:\/\/sprachmanufaktur.ch\/wp-content\/uploads\/2019\/07\/twitter-icon-argus.png\" alt=\"Twitter Social Icon\" itemprop=\"image\" height=\"100\" width=\"100\" title=\"twitter-icon-argus\" onerror=\"this.style.display='none'\" loading=\"lazy\" \/>\n\t\t\t\t<\/a>\n\t\t\t\t<a href=\"https:\/\/www.linkedin.com\/company\/argusdatainsigths\u00aeschweizag\/\" target=\"_blank\" rel=\"noopener\" itemprop=\"url\">\n\t\t\t\t<img decoding=\"async\" src=\"https:\/\/sprachmanufaktur.ch\/wp-content\/uploads\/2019\/07\/linkedin-argus-icon.png\" alt=\"linkedin Social Icon\" itemprop=\"image\" height=\"100\" width=\"100\" title=\"linkedin-argus-icon\" onerror=\"this.style.display='none'\" loading=\"lazy\" \/>\n\t\t\t\t<\/a>\n\n","protected":false},"excerpt":{"rendered":"<p>La pr\u00e9cision sinon rien. Pour vos traductions \u00e9galement. Exigez du sur-mesure. Pour votre communication aussi. Vous avez le sens des nuances. Partagez-le avec \u00e9loquence. Vous avez l&rsquo;oreille absolue. Exigez les mots justes. Ma\u00eetriser son sujet. La cl\u00e9 du succ\u00e8s. Sprachmanufaktur Artisans du langage, nous faisons voyagervotre message d&rsquo;une langue \u00e0 l&rsquo;autre, avec un r\u00e9sultat en&hellip;<\/p>\n","protected":false},"author":8,"featured_media":0,"parent":0,"menu_order":0,"comment_status":"closed","ping_status":"closed","template":"","meta":{"footnotes":""},"class_list":["post-789","page","type-page","status-publish","hentry"],"_links":{"self":[{"href":"https:\/\/sprachmanufaktur.ch\/fr\/wp-json\/wp\/v2\/pages\/789","targetHints":{"allow":["GET"]}}],"collection":[{"href":"https:\/\/sprachmanufaktur.ch\/fr\/wp-json\/wp\/v2\/pages"}],"about":[{"href":"https:\/\/sprachmanufaktur.ch\/fr\/wp-json\/wp\/v2\/types\/page"}],"author":[{"embeddable":true,"href":"https:\/\/sprachmanufaktur.ch\/fr\/wp-json\/wp\/v2\/users\/8"}],"replies":[{"embeddable":true,"href":"https:\/\/sprachmanufaktur.ch\/fr\/wp-json\/wp\/v2\/comments?post=789"}],"version-history":[{"count":27,"href":"https:\/\/sprachmanufaktur.ch\/fr\/wp-json\/wp\/v2\/pages\/789\/revisions"}],"predecessor-version":[{"id":5473,"href":"https:\/\/sprachmanufaktur.ch\/fr\/wp-json\/wp\/v2\/pages\/789\/revisions\/5473"}],"wp:attachment":[{"href":"https:\/\/sprachmanufaktur.ch\/fr\/wp-json\/wp\/v2\/media?parent=789"}],"curies":[{"name":"wp","href":"https:\/\/api.w.org\/{rel}","templated":true}]}}