{"id":3505,"date":"2022-06-29T09:04:05","date_gmt":"2022-06-29T09:04:05","guid":{"rendered":"https:\/\/argus.klubarbeit.net\/faqs\/"},"modified":"2022-07-12T14:43:23","modified_gmt":"2022-07-12T14:43:23","slug":"faq","status":"publish","type":"page","link":"https:\/\/sprachmanufaktur.ch\/en\/faq\/","title":{"rendered":"FAQ"},"content":{"rendered":"\n<h1>\n\t\t<b>FAQs<\/b>\n\t<\/h1>\n\t\t\t\t\t\t\t\t\t<img decoding=\"async\" src=\"https:\/\/sprachmanufaktur.ch\/wp-content\/uploads\/2022\/04\/argus-icon-faq.png\" alt=\"argus-icon-faq\" itemprop=\"image\" height=\"191\" width=\"190\" srcset=\"https:\/\/sprachmanufaktur.ch\/wp-content\/uploads\/2022\/04\/argus-icon-faq.png 190w, https:\/\/argus.klubarbeit.net\/wp-content\/uploads\/2022\/04\/argus-icon-faq-150x150.png 150w\" sizes=\"(max-width: 190px) 100vw, 190px\" title=\"argus-icon-faq\" onerror=\"this.style.display='none'\">\n<h3>\n\t\tAntworten \u00fcber Antworten.<br>Sagen Sie nachher nicht,<br>Sie h\u00e4tten von nichts gewusst!\n\t<\/h3>\n\tHaben Sie noch Fragen?<br>\n<strong><a href=\"https:\/\/argus.klubarbeit.net\/#kontakt\" target=\"_blank\" rel=\"noopener\">Wir beantworten sie gerne pers\u00f6nlich.<\/a><\/strong>\n<h5>\n\t\tBlog\n\t<\/h5>\n<h3>\n\t\tLesen Sie doch zur Abwechlsung mal unsere Texte: Lauter Wissenswertes rund um Sprache und \u00dcbersetzung.\n\t<\/h3>\n\t<meta itemscope=\"\" itemprop=\"mainEntityOfPage\" itemtype=\"https:\/\/schema.org\/WebPage\" itemid=\"https:\/\/argus.klubarbeit.net\/gerndern-leicht-gemacht\/\" content=\"Gendern leicht gemacht\"><meta itemprop=\"datePublished\" content=\"2022-03-08\"><meta itemprop=\"dateModified\" content=\"2022-05-17\"><meta itemprop=\"name\" content=\"ARGUS Sprachmanufaktur - Z\u00fcrich\"><meta itemprop=\"url\" content=\"https:\/\/argus.klubarbeit.net\/author\/milena\/\"><meta itemprop=\"name\" content=\"Milena Rein\"><meta itemprop=\"url\" content=\"https:\/\/argus.klubarbeit.net\/wp-content\/uploads\/2022\/03\/ARGUS-Sprachmanufaktur_Gender.jpg\"><meta itemprop=\"width\" content=\"1200\"><meta itemprop=\"height\" content=\"627\"><meta itemprop=\"interactionType\" content=\"https:\/\/schema.org\/CommentAction\"><meta itemprop=\"userInteractionCount\" content=\"0\">\n\t\t\t\t\t\t<a href=\"https:\/\/argus.klubarbeit.net\/gerndern-leicht-gemacht\/\" title=\"Gendern leicht gemacht\" target=\"_blank\" rel=\"noopener\"><img decoding=\"async\" width=\"1024\" height=\"535\" src=\"https:\/\/argus.klubarbeit.net\/wp-content\/uploads\/2022\/03\/ARGUS-Sprachmanufaktur_Gender-1024x535.jpg\" alt=\"Genderstern\" loading=\"lazy\" itemprop=\"image\" srcset=\"https:\/\/argus.klubarbeit.net\/wp-content\/uploads\/2022\/03\/ARGUS-Sprachmanufaktur_Gender-1024x535.jpg 1024w, https:\/\/argus.klubarbeit.net\/wp-content\/uploads\/2022\/03\/ARGUS-Sprachmanufaktur_Gender-300x157.jpg 300w, https:\/\/argus.klubarbeit.net\/wp-content\/uploads\/2022\/03\/ARGUS-Sprachmanufaktur_Gender-768x401.jpg 768w, https:\/\/argus.klubarbeit.net\/wp-content\/uploads\/2022\/03\/ARGUS-Sprachmanufaktur_Gender.jpg 1200w\" sizes=\"auto, (max-width: 1024px) 100vw, 1024px\"><\/a>\n\t\t\t\t\t<h3><a href=\"https:\/\/argus.klubarbeit.net\/gerndern-leicht-gemacht\/\" title=\"Gendern leicht gemacht\" target=\"_blank\" rel=\"noopener\">Gendern leicht gemacht<\/a><\/h3>\n\t<meta itemscope=\"\" itemprop=\"mainEntityOfPage\" itemtype=\"https:\/\/schema.org\/WebPage\" itemid=\"https:\/\/argus.klubarbeit.net\/benvenuta-sarah\/\" content=\"Benvenuta, Sarah!\"><meta itemprop=\"datePublished\" content=\"2022-02-11\"><meta itemprop=\"dateModified\" content=\"2022-05-17\"><meta itemprop=\"name\" content=\"ARGUS Sprachmanufaktur - Z\u00fcrich\"><meta itemprop=\"url\" content=\"https:\/\/argus.klubarbeit.net\/author\/jasmin\/\"><meta itemprop=\"name\" content=\"Jasmin La Micela\"><meta itemprop=\"url\" content=\"https:\/\/argus.klubarbeit.net\/wp-content\/uploads\/2022\/02\/Grafik-Blogbeitrag.jpg\"><meta itemprop=\"width\" content=\"1200\"><meta itemprop=\"height\" content=\"627\"><meta itemprop=\"interactionType\" content=\"https:\/\/schema.org\/CommentAction\"><meta itemprop=\"userInteractionCount\" content=\"0\">\n\t\t\t\t\t\t<a href=\"https:\/\/argus.klubarbeit.net\/benvenuta-sarah\/\" title=\"Benvenuta, Sarah!\" target=\"_blank\" rel=\"noopener\"><img decoding=\"async\" width=\"1024\" height=\"535\" src=\"https:\/\/argus.klubarbeit.net\/wp-content\/uploads\/2022\/02\/Grafik-Blogbeitrag-1024x535.jpg\" alt=\"Benvenuta\" loading=\"lazy\" itemprop=\"image\" srcset=\"https:\/\/argus.klubarbeit.net\/wp-content\/uploads\/2022\/02\/Grafik-Blogbeitrag-1024x535.jpg 1024w, https:\/\/argus.klubarbeit.net\/wp-content\/uploads\/2022\/02\/Grafik-Blogbeitrag-300x157.jpg 300w, https:\/\/argus.klubarbeit.net\/wp-content\/uploads\/2022\/02\/Grafik-Blogbeitrag-768x401.jpg 768w, https:\/\/argus.klubarbeit.net\/wp-content\/uploads\/2022\/02\/Grafik-Blogbeitrag.jpg 1200w\" sizes=\"auto, (max-width: 1024px) 100vw, 1024px\"><\/a>\n\t\t\t\t\t<h3><a href=\"https:\/\/argus.klubarbeit.net\/benvenuta-sarah\/\" title=\"Benvenuta, Sarah!\" target=\"_blank\" rel=\"noopener\">Benvenuta, Sarah!<\/a><\/h3>\n\t<meta itemscope=\"\" itemprop=\"mainEntityOfPage\" itemtype=\"https:\/\/schema.org\/WebPage\" itemid=\"https:\/\/argus.klubarbeit.net\/sie-wollen-auf-eigene-faust-eine-neue-sprache-lernen-diese-fuenf-tipps-von-sprachprofis-helfen-ihnen-dabei\/\" content=\"Sie wollen auf eigene Faust eine neue Sprache lernen? Diese f\u00fcnf Tipps von Sprachprofis helfen Ihnen dabei!\"><meta itemprop=\"datePublished\" content=\"2022-01-13\"><meta itemprop=\"dateModified\" content=\"2022-05-17\"><meta itemprop=\"name\" content=\"ARGUS Sprachmanufaktur - Z\u00fcrich\"><meta itemprop=\"url\" content=\"https:\/\/argus.klubarbeit.net\/author\/zoe\/\"><meta itemprop=\"name\" content=\"Zoe Edis\"><meta itemprop=\"url\" content=\"https:\/\/argus.klubarbeit.net\/wp-content\/uploads\/2022\/01\/Grafik-Blogbeitrag.jpg\"><meta itemprop=\"width\" content=\"1200\"><meta itemprop=\"height\" content=\"627\"><meta itemprop=\"interactionType\" content=\"https:\/\/schema.org\/CommentAction\"><meta itemprop=\"userInteractionCount\" content=\"0\">\n\t\t\t\t\t\t<a href=\"https:\/\/argus.klubarbeit.net\/sie-wollen-auf-eigene-faust-eine-neue-sprache-lernen-diese-fuenf-tipps-von-sprachprofis-helfen-ihnen-dabei\/\" title=\"Sie wollen auf eigene Faust eine neue Sprache lernen? Diese f\u00fcnf Tipps von Sprachprofis helfen Ihnen dabei!\" target=\"_blank\" rel=\"noopener\"><img decoding=\"async\" width=\"1024\" height=\"535\" src=\"https:\/\/argus.klubarbeit.net\/wp-content\/uploads\/2022\/01\/Grafik-Blogbeitrag-1024x535.jpg\" alt=\"\" loading=\"lazy\" itemprop=\"image\" srcset=\"https:\/\/argus.klubarbeit.net\/wp-content\/uploads\/2022\/01\/Grafik-Blogbeitrag-1024x535.jpg 1024w, https:\/\/argus.klubarbeit.net\/wp-content\/uploads\/2022\/01\/Grafik-Blogbeitrag-300x157.jpg 300w, https:\/\/argus.klubarbeit.net\/wp-content\/uploads\/2022\/01\/Grafik-Blogbeitrag-768x401.jpg 768w, https:\/\/argus.klubarbeit.net\/wp-content\/uploads\/2022\/01\/Grafik-Blogbeitrag.jpg 1200w\" sizes=\"auto, (max-width: 1024px) 100vw, 1024px\"><\/a>\n\t\t\t\t\t<h3><a href=\"https:\/\/argus.klubarbeit.net\/sie-wollen-auf-eigene-faust-eine-neue-sprache-lernen-diese-fuenf-tipps-von-sprachprofis-helfen-ihnen-dabei\/\" title=\"Sie wollen auf eigene Faust eine neue Sprache lernen? Diese f\u00fcnf Tipps von Sprachprofis helfen Ihnen dabei!\" target=\"_blank\" rel=\"noopener\">Sie wollen auf eigene Faust eine neue Sprache lernen? Diese f\u00fcnf Tipps von Sprachprofis helfen Ihnen dabei!<\/a><\/h3>\n\t<p><strong><a href=\"https:\/\/argus.klubarbeit.net\/en\/blog\/\" target=\"_blank\" rel=\"noopener\">Alle Eintr\u00e4ge<\/a><\/strong><\/p>\n","protected":false},"excerpt":{"rendered":"<p>FAQs Antworten \u00fcber Antworten.Sagen Sie nachher nicht,Sie h\u00e4tten von nichts gewusst! Haben Sie noch Fragen? Wir beantworten sie gerne pers\u00f6nlich. Blog Lesen Sie doch zur Abwechlsung mal unsere Texte: Lauter Wissenswertes rund um Sprache und \u00dcbersetzung. Gendern leicht gemacht Benvenuta, Sarah! Sie wollen auf eigene Faust eine neue Sprache lernen? Diese f\u00fcnf Tipps von Sprachprofis&hellip;<\/p>\n","protected":false},"author":8,"featured_media":0,"parent":0,"menu_order":0,"comment_status":"closed","ping_status":"closed","template":"","meta":{"footnotes":""},"class_list":["post-3505","page","type-page","status-publish","hentry"],"_links":{"self":[{"href":"https:\/\/sprachmanufaktur.ch\/en\/wp-json\/wp\/v2\/pages\/3505","targetHints":{"allow":["GET"]}}],"collection":[{"href":"https:\/\/sprachmanufaktur.ch\/en\/wp-json\/wp\/v2\/pages"}],"about":[{"href":"https:\/\/sprachmanufaktur.ch\/en\/wp-json\/wp\/v2\/types\/page"}],"author":[{"embeddable":true,"href":"https:\/\/sprachmanufaktur.ch\/en\/wp-json\/wp\/v2\/users\/8"}],"replies":[{"embeddable":true,"href":"https:\/\/sprachmanufaktur.ch\/en\/wp-json\/wp\/v2\/comments?post=3505"}],"version-history":[{"count":0,"href":"https:\/\/sprachmanufaktur.ch\/en\/wp-json\/wp\/v2\/pages\/3505\/revisions"}],"wp:attachment":[{"href":"https:\/\/sprachmanufaktur.ch\/en\/wp-json\/wp\/v2\/media?parent=3505"}],"curies":[{"name":"wp","href":"https:\/\/api.w.org\/{rel}","templated":true}]}}